{"id":11,"date":"2026-04-04T16:04:55","date_gmt":"2026-04-04T16:04:55","guid":{"rendered":"https:\/\/ki-dashboard-roeser-gmbh.schunk-solutions.de\/?page_id=11"},"modified":"2026-04-04T16:40:31","modified_gmt":"2026-04-04T16:40:31","slug":"dashboard","status":"publish","type":"page","link":"https:\/\/ki-dashboard-roeser-gmbh.schunk-solutions.de\/","title":{"rendered":"Dashboard"},"content":{"rendered":"\t\t<div data-elementor-type=\"wp-page\" data-elementor-id=\"11\" class=\"elementor elementor-11\" data-elementor-post-type=\"page\">\n\t\t\t\t\t\t<section class=\"elementor-section elementor-top-section elementor-element elementor-element-cbf5a17 elementor-section-boxed elementor-section-height-default elementor-section-height-default\" data-id=\"cbf5a17\" data-element_type=\"section\" data-e-type=\"section\">\n\t\t\t\t\t\t<div class=\"elementor-container elementor-column-gap-default\">\n\t\t\t\t\t<div class=\"elementor-column elementor-col-100 elementor-top-column elementor-element elementor-element-c513acd\" data-id=\"c513acd\" data-element_type=\"column\" data-e-type=\"column\">\n\t\t\t<div class=\"elementor-widget-wrap elementor-element-populated\">\n\t\t\t\t\t\t<div class=\"elementor-element elementor-element-bd51caa elementor-widget elementor-widget-html\" data-id=\"bd51caa\" data-element_type=\"widget\" data-e-type=\"widget\" data-widget_type=\"html.default\">\n\t\t\t\t<div class=\"elementor-widget-container\">\n\t\t\t\t\t<!DOCTYPE html>\n<html lang=\"de\">\n<head>\n  <meta charset=\"UTF-8\" \/>\n  <meta name=\"viewport\" content=\"width=device-width, initial-scale=1.0\" \/>\n  <title>R\u00f6ser Dashboard<\/title>\n  <style>\n    :root {\n      --bg: #f5f5f5;\n      --panel: #ffffff;\n      --text: #1a1a1a;\n      --muted: #666;\n      --primary: #bdbb0a;\n      --primary-dark: #9a9808;\n      --accent: #2b2b2b;\n      --border: rgba(0,0,0,0.08);\n      --shadow: 0 10px 30px rgba(0,0,0,0.08);\n    }\n\n    * { box-sizing: border-box; }\n\n    body {\n      margin: 0;\n      font-family: Arial, Helvetica, sans-serif;\n      background: var(--bg);\n      color: var(--text);\n    }\n\n    .container {\n      width: min(1200px, calc(100% - 40px));\n      margin: 0 auto;\n    }\n\n    .hero {\n      padding: 40px 0 20px;\n    }\n\n    .hero-card {\n      background: var(--panel);\n      border-radius: 12px;\n      padding: 30px;\n      box-shadow: var(--shadow);\n      border-top: 4px solid var(--primary);\n      background: linear-gradient(180deg, #ffffff 0%, #fafafa 100%);\n    }\n\n    h1 {\n      margin: 0 0 10px;\n      font-size: 36px;\n    }\n\n    .hero p {\n      margin: 0;\n      color: var(--muted);\n      font-size: 16px;\n    }\n\n    .toolbar {\n      margin-top: 20px;\n      display: flex;\n      gap: 10px;\n      flex-wrap: wrap;\n    }\n\n    input {\n      flex: 1;\n      padding: 12px;\n      border-radius: 6px;\n      border: 1px solid var(--border);\n    }\n\n    .button {\n      background: var(--primary);\n      color: #1a1a1a;\n      border: none;\n      padding: 12px 18px;\n      border-radius: 6px;\n      cursor: pointer;\n      font-weight: bold;\n      text-decoration: none;\n      box-shadow: 0 6px 16px rgba(189,187,10,0.35);\n    }\n\n    .button:hover {\n      background: var(--primary-dark);\n      color: #ffffff;\n    }\n\n    .grid {\n      display: grid;\n      grid-template-columns: repeat(auto-fit, minmax(250px, 1fr));\n      gap: 16px;\n      margin-top: 30px;\n      padding-bottom: 40px;\n    }\n\n    .tool-card {\n      background: var(--panel);\n      padding: 20px;\n      border-radius: 10px;\n      border: 1px solid var(--border);\n      box-shadow: var(--shadow);\n      display: flex;\n      flex-direction: column;\n      gap: 10px;\n      transition: 0.2s;\n    }\n\n    .tool-card:hover {\n      transform: translateY(-3px);\n      border-color: var(--primary);\n      box-shadow: 0 12px 25px rgba(189,187,10,0.25);\n    }\n\n    .tool-card h3 {\n      margin: 0;\n      font-size: 18px;\n    }\n\n    .tool-card p {\n      margin: 0;\n      font-size: 14px;\n      color: var(--muted);\n    }\n\n    .tool-meta {\n      display: flex;\n      justify-content: space-between;\n      align-items: center;\n      margin-top: auto;\n    }\n\n    .tag {\n      font-size: 12px;\n      color: var(--primary-dark);\n      font-weight: bold;\n      background: rgba(189,187,10,0.12);\n      padding: 4px 8px;\n      border-radius: 4px;\n    }\n\n    .tool-link {\n      text-decoration: none;\n      color: var(--accent);\n      font-weight: bold;\n    }\n\n    footer {\n      text-align: center;\n      padding: 20px;\n      font-size: 13px;\n      color: var(--muted);\n    }\n  <\/style>\n<\/head>\n<body>\n  <div class=\"container\">\n\n    <section class=\"hero\">\n      <div class=\"hero-card\">\n        <h1>Digitales Mitarbeiter-Dashboard<\/h1>\n        <p>\n          Zentraler Zugriff auf freigegebene Tools der R\u00f6ser GmbH.\n          Effizient arbeiten mit gepr\u00fcften Anwendungen f\u00fcr Bau, Planung und Verwaltung.\n        <\/p>\n\n        <div class=\"toolbar\">\n          <input id=\"toolSearch\" type=\"text\" placeholder=\"Tool suchen...\">\n          <a class=\"button\" href=\"#\">Alle Tools<\/a>\n        <\/div>\n      <\/div>\n    <\/section>\n\n    <div class=\"grid\" id=\"toolsGrid\">\n\n      <div class=\"tool-card\" data-name=\"chatgpt ki text analyse openai\">\n        <h3>ChatGPT<\/h3>\n        <p>Unterst\u00fctzung bei Dokumentation, Ausschreibungen und Auswertungen.<\/p>\n        <div class=\"tool-meta\">\n          <span class=\"tag\">KI<\/span>\n          <a class=\"tool-link\" href=\"https:\/\/chatgpt.com\" target=\"_blank\">\u00d6ffnen<\/a>\n        <\/div>\n      <\/div>\n\n      <div class=\"tool-card\" data-name=\"copilot microsoft office excel word outlook\">\n        <h3>Microsoft Copilot<\/h3>\n        <p>Optimiert Office-Prozesse in Excel, Word und Outlook.<\/p>\n        <div class=\"tool-meta\">\n          <span class=\"tag\">Microsoft<\/span>\n          <a class=\"tool-link\" href=\"https:\/\/copilot.microsoft.com\" target=\"_blank\">\u00d6ffnen<\/a>\n        <\/div>\n      <\/div>\n\n      <div class=\"tool-card\" data-name=\"perplexity recherche internet analyse\">\n        <h3>Perplexity<\/h3>\n        <p>Recherchetool f\u00fcr Bauprojekte, Normen und Marktinformationen.<\/p>\n        <div class=\"tool-meta\">\n          <span class=\"tag\">Recherche<\/span>\n          <a class=\"tool-link\" href=\"https:\/\/www.perplexity.ai\" target=\"_blank\">\u00d6ffnen<\/a>\n        <\/div>\n      <\/div>\n\n      <div class=\"tool-card\" data-name=\"canva design pr\u00e4sentation grafik\">\n        <h3>Canva<\/h3>\n        <p>F\u00fcr Pr\u00e4sentationen, Schulungen und interne Kommunikation.<\/p>\n        <div class=\"tool-meta\">\n          <span class=\"tag\">Design<\/span>\n          <a class=\"tool-link\" href=\"https:\/\/www.canva.com\" target=\"_blank\">\u00d6ffnen<\/a>\n        <\/div>\n      <\/div>\n\n      <div class=\"tool-card\" data-name=\"gemini google ki analyse texte\">\n        <h3>Google Gemini<\/h3>\n        <p>KI-Tool von Google f\u00fcr Recherche, Texte, Analysen und Automatisierung.<\/p>\n        <div class=\"tool-meta\">\n          <span class=\"tag\">KI<\/span>\n          <a class=\"tool-link\" href=\"https:\/\/gemini.google.com\" target=\"_blank\">\u00d6ffnen<\/a>\n        <\/div>\n      <\/div>\n\n      <div class=\"tool-card\" data-name=\"powerbi daten analyse reporting dashboard\">\n        <h3>Power BI<\/h3>\n        <p>Analyse von Projektzahlen und Unternehmenskennzahlen.<\/p>\n        <div class=\"tool-meta\">\n          <span class=\"tag\">Reporting<\/span>\n          <a class=\"tool-link\" href=\"https:\/\/app.powerbi.com\" target=\"_blank\">\u00d6ffnen<\/a>\n        <\/div>\n      <\/div>\n\n      <div class=\"tool-card\" data-name=\"teams kommunikation meeting chat microsoft\">\n        <h3>Microsoft Teams<\/h3>\n        <p>Kommunikation und Abstimmung zwischen Baustelle und B\u00fcro.<\/p>\n        <div class=\"tool-meta\">\n          <span class=\"tag\">Kommunikation<\/span>\n          <a class=\"tool-link\" href=\"https:\/\/teams.microsoft.com\" target=\"_blank\">\u00d6ffnen<\/a>\n        <\/div>\n      <\/div>\n\n      <div class=\"tool-card\" data-name=\"qwiki wissen unternehmen browser\">\n        <h3>QWiki<\/h3>\n        <p>Zugriff auf internes Unternehmenswissen direkt im Browser.<\/p>\n        <div class=\"tool-meta\">\n          <span class=\"tag\">Wissen<\/span>\n          <a class=\"tool-link\" href=\"#\">\u00d6ffnen<\/a>\n        <\/div>\n      <\/div>\n\n    <\/div>\n\n    <footer>\n      R\u00f6ser GmbH \u2013 Zentrale Plattform f\u00fcr digitale Werkzeuge\n    <\/footer>\n\n  <\/div>\n\n  <script>\n    const searchInput = document.getElementById('toolSearch');\n    const cards = [...document.querySelectorAll('.tool-card')];\n\n    searchInput.addEventListener('input', function () {\n      const query = this.value.toLowerCase();\n      cards.forEach(card => {\n        card.style.display = card.dataset.name.includes(query) ? 'flex' : 'none';\n      });\n    });\n  <\/script>\n\n<\/body>\n<\/html>\t\t\t\t<\/div>\n\t\t\t\t<\/div>\n\t\t\t\t\t<\/div>\n\t\t<\/div>\n\t\t\t\t\t<\/div>\n\t\t<\/section>\n\t\t\t\t<\/div>\n\t\t","protected":false},"excerpt":{"rendered":"<p>R\u00f6ser Dashboard Digitales Mitarbeiter-Dashboard Zentraler Zugriff auf freigegebene Tools der R\u00f6ser GmbH. Effizient arbeiten mit gepr\u00fcften Anwendungen f\u00fcr Bau, Planung und Verwaltung. Alle Tools ChatGPT Unterst\u00fctzung bei Dokumentation, Ausschreibungen und Auswertungen. KI \u00d6ffnen Microsoft Copilot Optimiert Office-Prozesse in Excel, Word und Outlook. Microsoft \u00d6ffnen Perplexity Recherchetool f\u00fcr Bauprojekte, Normen und Marktinformationen. Recherche \u00d6ffnen Canva F\u00fcr [&hellip;]<\/p>\n","protected":false},"author":1,"featured_media":0,"parent":0,"menu_order":0,"comment_status":"closed","ping_status":"closed","template":"elementor_canvas","meta":{"_acf_changed":false,"footnotes":""},"class_list":["post-11","page","type-page","status-publish","hentry"],"acf":[],"_links":{"self":[{"href":"https:\/\/ki-dashboard-roeser-gmbh.schunk-solutions.de\/index.php?rest_route=\/wp\/v2\/pages\/11","targetHints":{"allow":["GET"]}}],"collection":[{"href":"https:\/\/ki-dashboard-roeser-gmbh.schunk-solutions.de\/index.php?rest_route=\/wp\/v2\/pages"}],"about":[{"href":"https:\/\/ki-dashboard-roeser-gmbh.schunk-solutions.de\/index.php?rest_route=\/wp\/v2\/types\/page"}],"author":[{"embeddable":true,"href":"https:\/\/ki-dashboard-roeser-gmbh.schunk-solutions.de\/index.php?rest_route=\/wp\/v2\/users\/1"}],"replies":[{"embeddable":true,"href":"https:\/\/ki-dashboard-roeser-gmbh.schunk-solutions.de\/index.php?rest_route=%2Fwp%2Fv2%2Fcomments&post=11"}],"version-history":[{"count":16,"href":"https:\/\/ki-dashboard-roeser-gmbh.schunk-solutions.de\/index.php?rest_route=\/wp\/v2\/pages\/11\/revisions"}],"predecessor-version":[{"id":39,"href":"https:\/\/ki-dashboard-roeser-gmbh.schunk-solutions.de\/index.php?rest_route=\/wp\/v2\/pages\/11\/revisions\/39"}],"wp:attachment":[{"href":"https:\/\/ki-dashboard-roeser-gmbh.schunk-solutions.de\/index.php?rest_route=%2Fwp%2Fv2%2Fmedia&parent=11"}],"curies":[{"name":"wp","href":"https:\/\/api.w.org\/{rel}","templated":true}]}}